{"id":8206,"date":"2026-04-06T14:27:06","date_gmt":"2026-04-06T17:27:06","guid":{"rendered":"https:\/\/abilitycargo.com.br\/?page_id=8206"},"modified":"2026-04-06T14:50:40","modified_gmt":"2026-04-06T17:50:40","slug":"cotacao","status":"publish","type":"page","link":"https:\/\/abilitycargo.com.br\/?page_id=8206","title":{"rendered":"Cota\u00e7\u00e3o"},"content":{"rendered":"\t\t<div data-elementor-type=\"wp-page\" data-elementor-id=\"8206\" class=\"elementor elementor-8206\">\n\t\t\t\t<div class=\"elementor-element elementor-element-c272132 e-con-full e-flex e-con e-parent\" data-id=\"c272132\" data-element_type=\"container\" data-e-type=\"container\">\n\t\t\t\t<div class=\"elementor-element elementor-element-54a0e79 elementor-widget elementor-widget-witr_section_t_widget\" data-id=\"54a0e79\" data-element_type=\"widget\" data-e-type=\"widget\" data-widget_type=\"witr_section_t_widget.default\">\n\t\t\t\t<div class=\"elementor-widget-container\">\n\t\t\t\t\t\t\t\t\t\t<!-- text widget center -->\n\t\t\t\t\t<div class=\"witr_text_widget\">\n\t\t\t\t\t\t<div class=\"witr_text_widget_inner\">\n\t\t\t\t\t\t\t<!-- text widget top -->\n\t\t\t\t\t\t\t\t\t\t\t\t\t\t\t<h1>N\u00e3o perca tempo!<\/h1>\t\t\n\t\t\t\t\t\t\t\t\t\t\t\t\t\n\t\t\t\t\t\t\t<!-- text widget middle -->\n\t\t\t\t\t\t\t\t\t\t\t\t\t\t\t<h2>Fa\u00e7a sua cota\u00e7\u00e3o conosco<\/h2>\t\t\n\t\t\t\t\t\t\t\t\t\t\t\t\t\t<!-- text widget bottom -->\n\t\t\t\t\t\t\t\t\t\t\t\t\t\n\t\t\t\t\t\t\t<!-- content -->\n\t\t\t\t\t\t\t\t\t\t\t\t\t\t\t<p><p>Preencha os campos abaixo para receber uma proposta personalizada de nossa equipe t\u00e9cnica.<\/p><\/p>\t\t\n\t\t\t\t\t\t\t\t\t\t\t\t\t\t\n\t\t\t\t\t\t\t<!--- List content --->\n\t\t\t\t\t\t\t<div class=\"witr_widget_list\">\n\t\t\t\t\t\t\t\t<ul>\t\t\t\t\t\t\t\n\t\t\t\t\t\t\t\t\t\t\t\t\t\t\t\t\t\t\t\t\t\t\t\t\t\t\t\t\t\t\t\t<li>\n\t\t\t\t\t\t\t\t\t\t\t\t\t\t\t\t\t\t\t\t\t\t\t\t\t\t\t<span class=\"witr_list_icon\"><i class=\"icofont-check\"><\/i><\/span>\n\t\t\t\t\t\t\t\t\t\t\t\t\t\t\t\t\t\t\t\t\t\t\t\t\t\t<span class=\"witr_list_text\">Na Ability Cargo, priorizamos a precis\u00e3o nas informa\u00e7\u00f5es para garantir a seguran\u00e7a e a agilidade no transporte de sua mercadoria.<\/span>\n\t\t\t\t\t\t\t\t\t\t\t\t<\/li>\n\t\t\t\t\t\t\t\t\t\t\t\t\t\t\t\t\t\t\t\t\n\t\n\t\t\t\t\t\t\t\t\t\t\t\t\t\t\t\t\t\t\t\t\t\t\t\t\t\t\t\t\t\t\t\t\t<li>\n\t\t\t\t\t\t\t\t\t\t\t\t\t\t\t\t\t\t\t\t\t\t\t\t\t\t\t<span class=\"witr_list_icon\"><i class=\"icofont-check\"><\/i><\/span>\n\t\t\t\t\t\t\t\t\t\t\t\t\t\t\t\t\t\t\t\t\t\t\t\t\t\t<span class=\"witr_list_text\">Caso possua documentos complementares (Packing List ou Commercial Invoice), envie-nos em nosso e-mail contato@abilitycargo.com.br<\/span>\n\t\t\t\t\t\t\t\t\t\t\t\t<\/li>\n\t\t\t\t\t\t\t\t\t\t\t\t\t\t\t\t\t\t\t\t\n\t\n\t\t\t\t\t\t\t\t\t\t\t\t\n\t\t\t\t\t\t\t\t\t\t\t\t\t\t\t\t\t<\/ul>\n\t\t\t\t\t\t\t\t\t\n\t\t\t\t\t\t\t<\/div>\t\t\t\t\t\t\t\n\t\t\t\t\t\t<\/div>\n\t\t\t\t\t<\/div>\n\n\t\t\t\t\t\t\t\t<\/div>\n\t\t\t\t<\/div>\n\t\t\t\t<div class=\"elementor-element elementor-element-1a1b8d7 elementor-widget elementor-widget-html\" data-id=\"1a1b8d7\" data-element_type=\"widget\" data-e-type=\"widget\" data-widget_type=\"html.default\">\n\t\t\t\t<div class=\"elementor-widget-container\">\n\t\t\t\t\t<style id=\"wpforms-css-vars-8197\">\n\t\t\t\t#wpforms-8197 {\n\t\t\t\t--wpforms-container-padding: 0px;\n--wpforms-container-border-width: 1px;\n--wpforms-container-border-radius: 3px;\n--wpforms-background-color: rgba(0, 0, 0, 0);\n--wpforms-field-size-input-height: 43px;\n--wpforms-field-size-input-spacing: 15px;\n--wpforms-field-size-font-size: 16px;\n--wpforms-field-size-line-height: 19px;\n--wpforms-field-size-padding-h: 14px;\n--wpforms-field-size-checkbox-size: 16px;\n--wpforms-field-size-sublabel-spacing: 5px;\n--wpforms-field-size-icon-size: 1;\n--wpforms-label-size-font-size: 16px;\n--wpforms-label-size-line-height: 19px;\n--wpforms-label-size-sublabel-font-size: 14px;\n--wpforms-label-size-sublabel-line-height: 17px;\n--wpforms-button-size-font-size: 17px;\n--wpforms-button-size-height: 41px;\n--wpforms-button-size-padding-h: 15px;\n--wpforms-button-size-margin-top: 10px;\n--wpforms-container-shadow-size-box-shadow: none;\n\t\t\t}\n\t\t\t<\/style><div class=\"wpforms-container wpforms-container-full wpforms-render-modern\" id=\"wpforms-8197\"><form id=\"wpforms-form-8197\" class=\"wpforms-validate wpforms-form wpforms-ajax-form\" data-formid=\"8197\" method=\"post\" enctype=\"multipart\/form-data\" action=\"\/index.php?rest_route=%2Fwp%2Fv2%2Fpages%2F8206\" data-token=\"bb70ebc117b58d7b22d7e2d0eea95bf7\" data-token-time=\"1776424450\"><noscript class=\"wpforms-error-noscript\">Ative o JavaScript no seu navegador para preencher este formul\u00e1rio.<\/noscript><div id=\"wpforms-error-noscript\" style=\"display: none;\">Ative o JavaScript no seu navegador para preencher este formul\u00e1rio.<\/div><div class=\"wpforms-field-container\"><div id=\"wpforms-8197-field_5-container\" class=\"wpforms-field wpforms-field-name\" data-field-id=\"5\"><fieldset><legend class=\"wpforms-field-label\">Nome <span class=\"wpforms-required-label\" aria-hidden=\"true\">*<\/span><\/legend><div class=\"wpforms-field-row wpforms-field-medium\"><div class=\"wpforms-field-row-block wpforms-first wpforms-one-half\"><input type=\"text\" id=\"wpforms-8197-field_5\" class=\"wpforms-field-name-first wpforms-field-required\" name=\"wpforms[fields][5][first]\" aria-errormessage=\"wpforms-8197-field_5-error\" required><label for=\"wpforms-8197-field_5\" class=\"wpforms-field-sublabel after\">Nome<\/label><\/div><div class=\"wpforms-field-row-block wpforms-one-half\"><input type=\"text\" id=\"wpforms-8197-field_5-last\" class=\"wpforms-field-name-last wpforms-field-required\" name=\"wpforms[fields][5][last]\" aria-errormessage=\"wpforms-8197-field_5-last-error\" required><label for=\"wpforms-8197-field_5-last\" class=\"wpforms-field-sublabel after\">Sobrenome<\/label><\/div><\/div><\/fieldset><\/div><div id=\"wpforms-8197-field_2-container\" class=\"wpforms-field wpforms-field-email\" data-field-id=\"2\"><label class=\"wpforms-field-label\" for=\"wpforms-8197-field_2\">E-mail <span class=\"wpforms-required-label\" aria-hidden=\"true\">*<\/span><\/label><input type=\"email\" id=\"wpforms-8197-field_2\" class=\"wpforms-field-medium wpforms-field-required\" name=\"wpforms[fields][2]\" spellcheck=\"false\" aria-errormessage=\"wpforms-8197-field_2-error\" required><\/div>\t\t<div id=\"wpforms-8197-field_1-container\"\n\t\t\tclass=\"wpforms-field wpforms-field-text\"\n\t\t\tdata-field-type=\"text\"\n\t\t\tdata-field-id=\"1\"\n\t\t\t>\n\t\t\t<label class=\"wpforms-field-label\" for=\"wpforms-8197-field_1\" >da da (USD<\/label>\n\t\t\t<input type=\"text\" id=\"wpforms-8197-field_1\" class=\"wpforms-field-medium\" name=\"wpforms[fields][1]\" >\n\t\t<\/div>\n\t\t<div id=\"wpforms-8197-field_3-container\" class=\"wpforms-field wpforms-field-text\" data-field-id=\"3\"><label class=\"wpforms-field-label\" for=\"wpforms-8197-field_3\">Telefone: <span class=\"wpforms-required-label\" aria-hidden=\"true\">*<\/span><\/label><input type=\"text\" id=\"wpforms-8197-field_3\" class=\"wpforms-field-medium wpforms-field-required\" name=\"wpforms[fields][3]\" aria-errormessage=\"wpforms-8197-field_3-error\" required><\/div><div id=\"wpforms-8197-field_4-container\" class=\"wpforms-field wpforms-field-radio\" data-field-id=\"4\"><fieldset><legend class=\"wpforms-field-label\">Modal<\/legend><ul id=\"wpforms-8197-field_4\"><li class=\"choice-1 depth-1\"><input type=\"radio\" id=\"wpforms-8197-field_4_1\" name=\"wpforms[fields][4]\" value=\"Rodovi\u00e1rio\" aria-errormessage=\"wpforms-8197-field_4_1-error\"  ><label class=\"wpforms-field-label-inline\" for=\"wpforms-8197-field_4_1\">Rodovi\u00e1rio<\/label><\/li><li class=\"choice-2 depth-1\"><input type=\"radio\" id=\"wpforms-8197-field_4_2\" name=\"wpforms[fields][4]\" value=\"A\u00e9reo\" aria-errormessage=\"wpforms-8197-field_4_2-error\"  ><label class=\"wpforms-field-label-inline\" for=\"wpforms-8197-field_4_2\">A\u00e9reo<\/label><\/li><li class=\"choice-3 depth-1\"><input type=\"radio\" id=\"wpforms-8197-field_4_3\" name=\"wpforms[fields][4]\" value=\"Mar\u00edtimo\" aria-errormessage=\"wpforms-8197-field_4_3-error\"  ><label class=\"wpforms-field-label-inline\" for=\"wpforms-8197-field_4_3\">Mar\u00edtimo<\/label><\/li><\/ul><\/fieldset><\/div><div id=\"wpforms-8197-field_6-container\" class=\"wpforms-field wpforms-field-text\" data-field-id=\"6\"><label class=\"wpforms-field-label\" for=\"wpforms-8197-field_6\">Local de Embarque (Origem)<\/label><input type=\"text\" id=\"wpforms-8197-field_6\" class=\"wpforms-field-medium\" name=\"wpforms[fields][6]\" aria-errormessage=\"wpforms-8197-field_6-error\" ><\/div><div id=\"wpforms-8197-field_8-container\" class=\"wpforms-field wpforms-field-text\" data-field-id=\"8\"><label class=\"wpforms-field-label\" for=\"wpforms-8197-field_8\">Local de Destino<\/label><input type=\"text\" id=\"wpforms-8197-field_8\" class=\"wpforms-field-medium\" name=\"wpforms[fields][8]\" aria-errormessage=\"wpforms-8197-field_8-error\" ><\/div><div id=\"wpforms-8197-field_9-container\" class=\"wpforms-field wpforms-field-text\" data-field-id=\"9\"><label class=\"wpforms-field-label\" for=\"wpforms-8197-field_9\">INCOTERM (EXW, FOB, CIF, DAP, etc.)<\/label><input type=\"text\" id=\"wpforms-8197-field_9\" class=\"wpforms-field-medium\" name=\"wpforms[fields][9]\" aria-errormessage=\"wpforms-8197-field_9-error\" aria-describedby=\"wpforms-8197-field_9-description\" ><div id=\"wpforms-8197-field_9-description\" class=\"wpforms-field-description\">Os Incoterms definem quem \u00e9 o respons\u00e1vel pelo frete, seguro e riscos em cada etapa da jornada. Se tiver d\u00favidas, escolha o que consta em sua Proforma Invoice ou selecione \"N\u00e3o sei\".<\/div><\/div><div id=\"wpforms-8197-field_10-container\" class=\"wpforms-field wpforms-field-checkbox\" data-field-id=\"10\"><fieldset><legend class=\"wpforms-field-label\">Servi\u00e7os Adicionais<\/legend><ul id=\"wpforms-8197-field_10\"><li class=\"choice-1 depth-1\"><input type=\"checkbox\" id=\"wpforms-8197-field_10_1\" name=\"wpforms[fields][10][]\" value=\"Desembara\u00e7o Aduaneiro\" aria-errormessage=\"wpforms-8197-field_10_1-error\"  ><label class=\"wpforms-field-label-inline\" for=\"wpforms-8197-field_10_1\">Desembara\u00e7o Aduaneiro<\/label><\/li><li class=\"choice-2 depth-1\"><input type=\"checkbox\" id=\"wpforms-8197-field_10_2\" name=\"wpforms[fields][10][]\" value=\"Seguro de Carga Internacional\" aria-errormessage=\"wpforms-8197-field_10_2-error\"  ><label class=\"wpforms-field-label-inline\" for=\"wpforms-8197-field_10_2\">Seguro de Carga Internacional<\/label><\/li><li class=\"choice-3 depth-1\"><input type=\"checkbox\" id=\"wpforms-8197-field_10_3\" name=\"wpforms[fields][10][]\" value=\"Coleta \/ Entrega Rodovi\u00e1ria\" aria-errormessage=\"wpforms-8197-field_10_3-error\"  ><label class=\"wpforms-field-label-inline\" for=\"wpforms-8197-field_10_3\">Coleta \/ Entrega Rodovi\u00e1ria<\/label><\/li><\/ul><\/fieldset><\/div><div id=\"wpforms-8197-field_11-container\" class=\"wpforms-field wpforms-field-select wpforms-field-select-style-classic\" data-field-id=\"11\"><label class=\"wpforms-field-label\" for=\"wpforms-8197-field_11\">Tipo de Carga<\/label><select id=\"wpforms-8197-field_11\" class=\"wpforms-field-medium\" name=\"wpforms[fields][11]\"><option value=\"Geral\"  class=\"choice-1 depth-1\"  >Geral<\/option><option value=\"IMO\"  class=\"choice-2 depth-1\"  >IMO<\/option><option value=\"Frio\"  class=\"choice-3 depth-1\"  >Frio<\/option><option value=\"Projeto\"  class=\"choice-4 depth-1\"  >Projeto<\/option><\/select><\/div><div id=\"wpforms-8197-field_12-container\" class=\"wpforms-field wpforms-field-textarea\" data-field-id=\"12\"><label class=\"wpforms-field-label\" for=\"wpforms-8197-field_12\">Descri\u00e7\u00e3o da Mercadoria (insira o NCM se houver)<\/label><textarea id=\"wpforms-8197-field_12\" class=\"wpforms-field-medium\" name=\"wpforms[fields][12]\" aria-errormessage=\"wpforms-8197-field_12-error\" ><\/textarea><\/div><div id=\"wpforms-8197-field_13-container\" class=\"wpforms-field wpforms-field-number\" data-field-id=\"13\"><label class=\"wpforms-field-label\" for=\"wpforms-8197-field_13\">Quantidade de Volumes<\/label><input type=\"number\" id=\"wpforms-8197-field_13\" class=\"wpforms-field-medium\" name=\"wpforms[fields][13]\" step=\"any\" aria-errormessage=\"wpforms-8197-field_13-error\" ><\/div><div id=\"wpforms-8197-field_14-container\" class=\"wpforms-field wpforms-field-number\" data-field-id=\"14\"><label class=\"wpforms-field-label\" for=\"wpforms-8197-field_14\">Peso Bruto Total (kg)<\/label><input type=\"number\" id=\"wpforms-8197-field_14\" class=\"wpforms-field-medium\" name=\"wpforms[fields][14]\" step=\"any\" aria-errormessage=\"wpforms-8197-field_14-error\" ><\/div><div id=\"wpforms-8197-field_15-container\" class=\"wpforms-field wpforms-field-text\" data-field-id=\"15\"><label class=\"wpforms-field-label\" for=\"wpforms-8197-field_15\">Metragem C\u00fabica (m\u00b3) ou Dimens\u00f5es (CxLxA)<\/label><input type=\"text\" id=\"wpforms-8197-field_15\" class=\"wpforms-field-medium\" name=\"wpforms[fields][15]\" aria-errormessage=\"wpforms-8197-field_15-error\" ><\/div><div id=\"wpforms-8197-field_16-container\" class=\"wpforms-field wpforms-field-text\" data-field-id=\"16\"><label class=\"wpforms-field-label\" for=\"wpforms-8197-field_16\">Valor da Mercadoria (USD \/ EUR \/ BRL)<\/label><input type=\"text\" id=\"wpforms-8197-field_16\" class=\"wpforms-field-medium\" name=\"wpforms[fields][16]\" aria-errormessage=\"wpforms-8197-field_16-error\" ><\/div><div id=\"wpforms-8197-field_18-container\" class=\"wpforms-field wpforms-field-text\" data-field-id=\"18\"><label class=\"wpforms-field-label\" for=\"wpforms-8197-field_18\">Previs\u00e3o de Prontid\u00e3o da Carga (Data: dia\/mes\/ano)<\/label><input type=\"text\" id=\"wpforms-8197-field_18\" class=\"wpforms-field-medium\" name=\"wpforms[fields][18]\" aria-errormessage=\"wpforms-8197-field_18-error\" ><\/div><div id=\"wpforms-8197-field_19-container\" class=\"wpforms-field wpforms-field-textarea\" data-field-id=\"19\"><label class=\"wpforms-field-label\" for=\"wpforms-8197-field_19\">Observa\u00e7\u00f5es:<\/label><textarea id=\"wpforms-8197-field_19\" class=\"wpforms-field-medium\" name=\"wpforms[fields][19]\" aria-errormessage=\"wpforms-8197-field_19-error\" ><\/textarea><\/div><script>\n\t\t\t\t( function() {\n\t\t\t\t\tconst style = document.createElement( 'style' );\n\t\t\t\t\tstyle.appendChild( document.createTextNode( '#wpforms-8197-field_1-container { position: absolute !important; overflow: hidden !important; display: inline !important; height: 1px !important; width: 1px !important; z-index: -1000 !important; padding: 0 !important; } #wpforms-8197-field_1-container input { visibility: hidden; } #wpforms-conversational-form-page #wpforms-8197-field_1-container label { counter-increment: none; }' ) );\n\t\t\t\t\tdocument.head.appendChild( style );\n\t\t\t\t\tdocument.currentScript?.remove();\n\t\t\t\t} )();\n\t\t\t<\/script><\/div><!-- .wpforms-field-container --><div class=\"wpforms-recaptcha-container wpforms-is-hcaptcha\" ><div class=\"h-captcha\" data-sitekey=\"d19c02c0-d2b2-4aa0-bd24-be526534cd5a\"><\/div><input type=\"text\" name=\"g-recaptcha-hidden\" class=\"wpforms-recaptcha-hidden\" style=\"position:absolute!important;clip:rect(0,0,0,0)!important;height:1px!important;width:1px!important;border:0!important;overflow:hidden!important;padding:0!important;margin:0!important;\" data-rule-hcaptcha=\"1\"><\/div><div class=\"wpforms-submit-container\" ><input type=\"hidden\" name=\"wpforms[id]\" value=\"8197\"><input type=\"hidden\" name=\"page_title\" value=\"\"><input type=\"hidden\" name=\"page_url\" value=\"https:\/\/abilitycargo.com.br\/index.php?rest_route=\/wp\/v2\/pages\/8206\"><input type=\"hidden\" name=\"url_referer\" value=\"\"><button type=\"submit\" name=\"wpforms[submit]\" id=\"wpforms-submit-8197\" class=\"wpforms-submit\" data-alt-text=\"Enviando\u2026\" data-submit-text=\"Enviar\" aria-live=\"assertive\" value=\"wpforms-submit\">Enviar<\/button><img decoding=\"async\" src=\"https:\/\/abilitycargo.com.br\/wp-content\/plugins\/wpforms-lite\/assets\/images\/submit-spin.svg\" class=\"wpforms-submit-spinner\" style=\"display: none;\" width=\"26\" height=\"26\" alt=\"Carregando\"><\/div><\/form><\/div>  <!-- .wpforms-container -->\t\t\t\t<\/div>\n\t\t\t\t<\/div>\n\t\t\t\t<\/div>\n\t\t\t\t<\/div>\n\t\t","protected":false},"excerpt":{"rendered":"<p>N\u00e3o perca tempo! Fa\u00e7a sua cota\u00e7\u00e3o conosco Preencha os campos abaixo para receber uma proposta personalizada de nossa equipe t\u00e9cnica. Na Ability Cargo, priorizamos a precis\u00e3o nas informa\u00e7\u00f5es para garantir a seguran\u00e7a e a agilidade no transporte de sua mercadoria. Caso possua documentos complementares (Packing List ou Commercial Invoice), envie-nos em nosso e-mail contato@abilitycargo.com.br<\/p>\n","protected":false},"author":1,"featured_media":0,"parent":0,"menu_order":0,"comment_status":"closed","ping_status":"closed","template":"","meta":{"footnotes":""},"class_list":["post-8206","page","type-page","status-publish","hentry"],"yoast_head":"<!-- This site is optimized with the Yoast SEO plugin v22.8 - https:\/\/yoast.com\/wordpress\/plugins\/seo\/ -->\n<title>Cota\u00e7\u00e3o - Ability Cargo<\/title>\n<meta name=\"description\" content=\"solicita\u00e7\u00e3o de cota\u00e7\u00e3o - Ability cargo\" \/>\n<meta name=\"robots\" content=\"index, follow, max-snippet:-1, max-image-preview:large, max-video-preview:-1\" \/>\n<link rel=\"canonical\" href=\"https:\/\/abilitycargo.com.br\/?page_id=8206\" \/>\n<meta property=\"og:locale\" content=\"pt_BR\" \/>\n<meta property=\"og:type\" content=\"article\" \/>\n<meta property=\"og:title\" content=\"Cota\u00e7\u00e3o - Ability Cargo\" \/>\n<meta property=\"og:description\" content=\"solicita\u00e7\u00e3o de cota\u00e7\u00e3o - Ability cargo\" \/>\n<meta property=\"og:url\" content=\"https:\/\/abilitycargo.com.br\/?page_id=8206\" \/>\n<meta property=\"og:site_name\" content=\"Ability Cargo\" \/>\n<meta property=\"article:modified_time\" content=\"2026-04-06T17:50:40+00:00\" \/>\n<meta name=\"twitter:card\" content=\"summary_large_image\" \/>\n<meta name=\"twitter:label1\" content=\"Est. tempo de leitura\" \/>\n\t<meta name=\"twitter:data1\" content=\"1 minuto\" \/>\n<script type=\"application\/ld+json\" class=\"yoast-schema-graph\">{\"@context\":\"https:\/\/schema.org\",\"@graph\":[{\"@type\":\"WebPage\",\"@id\":\"https:\/\/abilitycargo.com.br\/?page_id=8206\",\"url\":\"https:\/\/abilitycargo.com.br\/?page_id=8206\",\"name\":\"Cota\u00e7\u00e3o - Ability Cargo\",\"isPartOf\":{\"@id\":\"https:\/\/abilitycargo.com.br\/#website\"},\"datePublished\":\"2026-04-06T17:27:06+00:00\",\"dateModified\":\"2026-04-06T17:50:40+00:00\",\"description\":\"solicita\u00e7\u00e3o de cota\u00e7\u00e3o - Ability cargo\",\"breadcrumb\":{\"@id\":\"https:\/\/abilitycargo.com.br\/?page_id=8206#breadcrumb\"},\"inLanguage\":\"pt-BR\",\"potentialAction\":[{\"@type\":\"ReadAction\",\"target\":[\"https:\/\/abilitycargo.com.br\/?page_id=8206\"]}]},{\"@type\":\"BreadcrumbList\",\"@id\":\"https:\/\/abilitycargo.com.br\/?page_id=8206#breadcrumb\",\"itemListElement\":[{\"@type\":\"ListItem\",\"position\":1,\"name\":\"Home\",\"item\":\"https:\/\/abilitycargo.com.br\/\"},{\"@type\":\"ListItem\",\"position\":2,\"name\":\"Cota\u00e7\u00e3o\"}]},{\"@type\":\"WebSite\",\"@id\":\"https:\/\/abilitycargo.com.br\/#website\",\"url\":\"https:\/\/abilitycargo.com.br\/\",\"name\":\"Ability Cargo\",\"description\":\"\",\"potentialAction\":[{\"@type\":\"SearchAction\",\"target\":{\"@type\":\"EntryPoint\",\"urlTemplate\":\"https:\/\/abilitycargo.com.br\/?s={search_term_string}\"},\"query-input\":\"required name=search_term_string\"}],\"inLanguage\":\"pt-BR\"}]}<\/script>\n<!-- \/ Yoast SEO plugin. -->","yoast_head_json":{"title":"Cota\u00e7\u00e3o - Ability Cargo","description":"solicita\u00e7\u00e3o de cota\u00e7\u00e3o - Ability cargo","robots":{"index":"index","follow":"follow","max-snippet":"max-snippet:-1","max-image-preview":"max-image-preview:large","max-video-preview":"max-video-preview:-1"},"canonical":"https:\/\/abilitycargo.com.br\/?page_id=8206","og_locale":"pt_BR","og_type":"article","og_title":"Cota\u00e7\u00e3o - Ability Cargo","og_description":"solicita\u00e7\u00e3o de cota\u00e7\u00e3o - Ability cargo","og_url":"https:\/\/abilitycargo.com.br\/?page_id=8206","og_site_name":"Ability Cargo","article_modified_time":"2026-04-06T17:50:40+00:00","twitter_card":"summary_large_image","twitter_misc":{"Est. tempo de leitura":"1 minuto"},"schema":{"@context":"https:\/\/schema.org","@graph":[{"@type":"WebPage","@id":"https:\/\/abilitycargo.com.br\/?page_id=8206","url":"https:\/\/abilitycargo.com.br\/?page_id=8206","name":"Cota\u00e7\u00e3o - Ability Cargo","isPartOf":{"@id":"https:\/\/abilitycargo.com.br\/#website"},"datePublished":"2026-04-06T17:27:06+00:00","dateModified":"2026-04-06T17:50:40+00:00","description":"solicita\u00e7\u00e3o de cota\u00e7\u00e3o - Ability cargo","breadcrumb":{"@id":"https:\/\/abilitycargo.com.br\/?page_id=8206#breadcrumb"},"inLanguage":"pt-BR","potentialAction":[{"@type":"ReadAction","target":["https:\/\/abilitycargo.com.br\/?page_id=8206"]}]},{"@type":"BreadcrumbList","@id":"https:\/\/abilitycargo.com.br\/?page_id=8206#breadcrumb","itemListElement":[{"@type":"ListItem","position":1,"name":"Home","item":"https:\/\/abilitycargo.com.br\/"},{"@type":"ListItem","position":2,"name":"Cota\u00e7\u00e3o"}]},{"@type":"WebSite","@id":"https:\/\/abilitycargo.com.br\/#website","url":"https:\/\/abilitycargo.com.br\/","name":"Ability Cargo","description":"","potentialAction":[{"@type":"SearchAction","target":{"@type":"EntryPoint","urlTemplate":"https:\/\/abilitycargo.com.br\/?s={search_term_string}"},"query-input":"required name=search_term_string"}],"inLanguage":"pt-BR"}]}},"_links":{"self":[{"href":"https:\/\/abilitycargo.com.br\/index.php?rest_route=\/wp\/v2\/pages\/8206","targetHints":{"allow":["GET"]}}],"collection":[{"href":"https:\/\/abilitycargo.com.br\/index.php?rest_route=\/wp\/v2\/pages"}],"about":[{"href":"https:\/\/abilitycargo.com.br\/index.php?rest_route=\/wp\/v2\/types\/page"}],"author":[{"embeddable":true,"href":"https:\/\/abilitycargo.com.br\/index.php?rest_route=\/wp\/v2\/users\/1"}],"replies":[{"embeddable":true,"href":"https:\/\/abilitycargo.com.br\/index.php?rest_route=%2Fwp%2Fv2%2Fcomments&post=8206"}],"version-history":[{"count":14,"href":"https:\/\/abilitycargo.com.br\/index.php?rest_route=\/wp\/v2\/pages\/8206\/revisions"}],"predecessor-version":[{"id":8221,"href":"https:\/\/abilitycargo.com.br\/index.php?rest_route=\/wp\/v2\/pages\/8206\/revisions\/8221"}],"wp:attachment":[{"href":"https:\/\/abilitycargo.com.br\/index.php?rest_route=%2Fwp%2Fv2%2Fmedia&parent=8206"}],"curies":[{"name":"wp","href":"https:\/\/api.w.org\/{rel}","templated":true}]}}